{"id":9873,"date":"2021-03-23T16:54:28","date_gmt":"2021-03-23T15:54:28","guid":{"rendered":"http:\/\/viropa.minedesign.eu\/produkt\/viropa-te-deteinato-premium\/"},"modified":"2025-08-21T14:55:32","modified_gmt":"2025-08-21T12:55:32","slug":"viropa-te-deteinato-premium-bio","status":"publish","type":"product","link":"https:\/\/www.viropa.it\/it\/prodotto\/viropa-te-deteinato-premium-bio\/","title":{"rendered":"Viropa T\u00e8 deteinato Premium &#8220;Bio&#8221;"},"content":{"rendered":"<p>VIROPA T\u00e8 deteinato Premium &#8220;Bio&#8221; \u00e8 una composizione di t\u00e8 deteinati con un contenuto di teina (caffeina) non superiore al 0,10%, particolarmente selezionati per garantire una tazza ricca di aroma e fragranza. Ci\u00f2 fa di esso una bevanda molto gradevole per ogni momento della giornata.<\/p>\n<p>&nbsp;<\/p>\n<p><strong>Senza glutine, naturalmente privo di lattosio e caffeina, adatta ad una dieta vegana.<\/strong><\/p>\n","protected":false},"excerpt":{"rendered":"<p><img fetchpriority=\"high\" decoding=\"async\" class=\"alignleft size-full wp-image-3042\" src=\"https:\/\/www.viropa.it\/wp-content\/uploads\/2021\/03\/icon-teatime-viropa5.png\" alt=\"\" width=\"1500\" height=\"380\" \/><\/p>\n","protected":false},"featured_media":11550,"template":"","meta":[],"product_brand":[],"product_cat":[295],"product_tag":[283],"class_list":{"0":"post-9873","1":"product","2":"type-product","3":"status-publish","4":"has-post-thumbnail","6":"product_cat-teverdenerobianco","7":"product_tag-viropa-it","9":"first","10":"instock","11":"virtual","12":"product-type-simple"},"_links":{"self":[{"href":"https:\/\/www.viropa.it\/it\/wp-json\/wp\/v2\/product\/9873","targetHints":{"allow":["GET"]}}],"collection":[{"href":"https:\/\/www.viropa.it\/it\/wp-json\/wp\/v2\/product"}],"about":[{"href":"https:\/\/www.viropa.it\/it\/wp-json\/wp\/v2\/types\/product"}],"wp:featuredmedia":[{"embeddable":true,"href":"https:\/\/www.viropa.it\/it\/wp-json\/wp\/v2\/media\/11550"}],"wp:attachment":[{"href":"https:\/\/www.viropa.it\/it\/wp-json\/wp\/v2\/media?parent=9873"}],"wp:term":[{"taxonomy":"product_brand","embeddable":true,"href":"https:\/\/www.viropa.it\/it\/wp-json\/wp\/v2\/product_brand?post=9873"},{"taxonomy":"product_cat","embeddable":true,"href":"https:\/\/www.viropa.it\/it\/wp-json\/wp\/v2\/product_cat?post=9873"},{"taxonomy":"product_tag","embeddable":true,"href":"https:\/\/www.viropa.it\/it\/wp-json\/wp\/v2\/product_tag?post=9873"}],"curies":[{"name":"wp","href":"https:\/\/api.w.org\/{rel}","templated":true}]}}