{"id":9648,"date":"2021-03-24T13:57:47","date_gmt":"2021-03-24T12:57:47","guid":{"rendered":"http:\/\/viropa.minedesign.eu\/produkt\/china-jasmine-bio\/"},"modified":"2025-12-12T11:14:53","modified_gmt":"2025-12-12T10:14:53","slug":"china-jasmine-bio","status":"publish","type":"product","link":"https:\/\/www.viropa.it\/it\/prodotto\/china-jasmine-bio\/","title":{"rendered":"China Jasmine &#8220;Bio&#8221;"},"content":{"rendered":"<p>China Jasmine \u00e8 un prodotto molto tradizionale in Cina e il pi\u00f9 noto fra i t\u00e8 aromatizzati con un procedimento tradizionale e del tutto naturale. I fiori di gelsomino maturano a fine estate e vengono raccolti al mattino presto, quando i calici sono chiusi. I fiori vengono conservati in un luogo fresco durante il giorno. Durante la notte, i calici si aprono e rilasciano la loro fragranza nel t\u00e8 su cui sono sparsi. Si tratta di un processo di aromatizzazione molto naturale, che si completa dopo circa quattro giorni. Il gusto raffinato di questo t\u00e8 al gelsomino \u00e8 leggermente dolce e fortemente profumato.<\/p>\n<p>L&#8217;alta qualit\u00e0 di questo t\u00e8 al gelsomino \u00e8 controllata e monitorata dal nostro Sommelier del t\u00e8 Paul Campestrini, formato presso la UK Tea Academy di Londra.<\/p>\n<p>Ingredienti da agricoltura biologica certificata: t\u00e8 verde foglie al gelsomino.<\/p>\n<p><strong>Senza glutine, naturalmente privo di lattosio, adatta ad una dieta vegana.<\/strong><\/p>\n<p>Confezionato con molta cura in questa bustina unica nel proprio stabilimento a Bressanone\/Alto Adige.<\/p>\n","protected":false},"excerpt":{"rendered":"<p><img fetchpriority=\"high\" decoding=\"async\" class=\"alignleft size-full wp-image-3049\" src=\"https:\/\/www.viropa.it\/wp-content\/uploads\/2021\/03\/icon-teamtime-golden3-5.png\" alt=\"\" width=\"1500\" height=\"380\" srcset=\"https:\/\/www.viropa.it\/wp-content\/uploads\/2021\/03\/icon-teamtime-golden3-5.png 1500w, https:\/\/www.viropa.it\/wp-content\/uploads\/2021\/03\/icon-teamtime-golden3-5-600x152.png 600w, https:\/\/www.viropa.it\/wp-content\/uploads\/2021\/03\/icon-teamtime-golden3-5-300x76.png 300w, https:\/\/www.viropa.it\/wp-content\/uploads\/2021\/03\/icon-teamtime-golden3-5-1024x259.png 1024w, https:\/\/www.viropa.it\/wp-content\/uploads\/2021\/03\/icon-teamtime-golden3-5-768x195.png 768w\" sizes=\"(max-width: 1500px) 100vw, 1500px\" \/><\/p>\n","protected":false},"featured_media":9649,"template":"","meta":[],"product_brand":[],"product_cat":[311],"product_tag":[282],"class_list":{"0":"post-9648","1":"product","2":"type-product","3":"status-publish","4":"has-post-thumbnail","6":"product_cat-ostb-it","7":"product_tag-golden-bridge-it","9":"first","10":"instock","11":"virtual","12":"purchasable","13":"product-type-simple"},"_links":{"self":[{"href":"https:\/\/www.viropa.it\/it\/wp-json\/wp\/v2\/product\/9648","targetHints":{"allow":["GET"]}}],"collection":[{"href":"https:\/\/www.viropa.it\/it\/wp-json\/wp\/v2\/product"}],"about":[{"href":"https:\/\/www.viropa.it\/it\/wp-json\/wp\/v2\/types\/product"}],"wp:featuredmedia":[{"embeddable":true,"href":"https:\/\/www.viropa.it\/it\/wp-json\/wp\/v2\/media\/9649"}],"wp:attachment":[{"href":"https:\/\/www.viropa.it\/it\/wp-json\/wp\/v2\/media?parent=9648"}],"wp:term":[{"taxonomy":"product_brand","embeddable":true,"href":"https:\/\/www.viropa.it\/it\/wp-json\/wp\/v2\/product_brand?post=9648"},{"taxonomy":"product_cat","embeddable":true,"href":"https:\/\/www.viropa.it\/it\/wp-json\/wp\/v2\/product_cat?post=9648"},{"taxonomy":"product_tag","embeddable":true,"href":"https:\/\/www.viropa.it\/it\/wp-json\/wp\/v2\/product_tag?post=9648"}],"curies":[{"name":"wp","href":"https:\/\/api.w.org\/{rel}","templated":true}]}}