{"id":9636,"date":"2021-03-24T13:57:47","date_gmt":"2021-03-24T12:57:47","guid":{"rendered":"http:\/\/viropa.minedesign.eu\/produkt\/rosa-canina-bio-2\/"},"modified":"2025-08-21T15:04:12","modified_gmt":"2025-08-21T13:04:12","slug":"rosa-canina-bio-2","status":"publish","type":"product","link":"https:\/\/www.viropa.it\/it\/prodotto\/rosa-canina-bio-2\/","title":{"rendered":"Rosa canina &#8220;Bio&#8221;"},"content":{"rendered":"<p>In tutta la regione alpina l\u2019uso della buccia essiccata della rosa canina per preparare un infuso ricco di vitamina ha una lunga tradizione. Poich\u00e9 l&#8217;infuso di rosa canina pura \u00e8 di colore piuttosto pallido, in passato la buccia di rosa canina veniva arrostita brevemente sulla piastra calda di una stufa. In questo modo l&#8217;infuso assumeva un colore molto pi\u00f9 intenso. Nell&#8217;evoluzione successiva, la rosa canina \u00e8 stata mescolata con un componente naturale dal colore fortemente rosso, l&#8217;ibisco. Il risultato \u00e8 un infuso alla frutta dal colore rosso vivo e dal gusto pieno con una nota leggermente acidula dovuta all&#8217;ibisco. Questo infuso alla frutta molto tradizionale \u00e8 una bevanda gradita in qualsiasi momento della giornata.<\/p>\n<p>Ingredienti da agricoltura biologica controllata: Rosa canina, ibisco.<\/p>\n<p><strong>Senza glutine, naturalmente privo di lattosio e caffeina, adatta ad una dieta vegana.<\/strong><\/p>\n<p>Lavorato e confezionato con molta cura in questa bustina unica nel proprio stabilimento a Bressanone\/Alto Adige.<\/p>\n","protected":false},"excerpt":{"rendered":"<p><img fetchpriority=\"high\" decoding=\"async\" class=\"alignleft size-full wp-image-3052\" src=\"https:\/\/www.viropa.it\/wp-content\/uploads\/2021\/03\/icon-teamtime-golden6-8.png\" alt=\"\" width=\"1500\" height=\"380\" srcset=\"https:\/\/www.viropa.it\/wp-content\/uploads\/2021\/03\/icon-teamtime-golden6-8.png 1500w, https:\/\/www.viropa.it\/wp-content\/uploads\/2021\/03\/icon-teamtime-golden6-8-600x152.png 600w, https:\/\/www.viropa.it\/wp-content\/uploads\/2021\/03\/icon-teamtime-golden6-8-300x76.png 300w, https:\/\/www.viropa.it\/wp-content\/uploads\/2021\/03\/icon-teamtime-golden6-8-1024x259.png 1024w, https:\/\/www.viropa.it\/wp-content\/uploads\/2021\/03\/icon-teamtime-golden6-8-768x195.png 768w\" sizes=\"(max-width: 1500px) 100vw, 1500px\" \/><\/p>\n","protected":false},"featured_media":9637,"template":"","meta":[],"product_brand":[],"product_cat":[311],"product_tag":[282],"class_list":{"0":"post-9636","1":"product","2":"type-product","3":"status-publish","4":"has-post-thumbnail","6":"product_cat-ostb-it","7":"product_tag-golden-bridge-it","9":"first","10":"instock","11":"virtual","12":"purchasable","13":"product-type-simple"},"_links":{"self":[{"href":"https:\/\/www.viropa.it\/it\/wp-json\/wp\/v2\/product\/9636","targetHints":{"allow":["GET"]}}],"collection":[{"href":"https:\/\/www.viropa.it\/it\/wp-json\/wp\/v2\/product"}],"about":[{"href":"https:\/\/www.viropa.it\/it\/wp-json\/wp\/v2\/types\/product"}],"wp:featuredmedia":[{"embeddable":true,"href":"https:\/\/www.viropa.it\/it\/wp-json\/wp\/v2\/media\/9637"}],"wp:attachment":[{"href":"https:\/\/www.viropa.it\/it\/wp-json\/wp\/v2\/media?parent=9636"}],"wp:term":[{"taxonomy":"product_brand","embeddable":true,"href":"https:\/\/www.viropa.it\/it\/wp-json\/wp\/v2\/product_brand?post=9636"},{"taxonomy":"product_cat","embeddable":true,"href":"https:\/\/www.viropa.it\/it\/wp-json\/wp\/v2\/product_cat?post=9636"},{"taxonomy":"product_tag","embeddable":true,"href":"https:\/\/www.viropa.it\/it\/wp-json\/wp\/v2\/product_tag?post=9636"}],"curies":[{"name":"wp","href":"https:\/\/api.w.org\/{rel}","templated":true}]}}