{"id":9528,"date":"2021-03-24T13:57:49","date_gmt":"2021-03-24T12:57:49","guid":{"rendered":"http:\/\/viropa.minedesign.eu\/produkt\/greentea-gunpowder-bio\/"},"modified":"2025-12-12T11:12:45","modified_gmt":"2025-12-12T10:12:45","slug":"greentea-gunpowder-bio","status":"publish","type":"product","link":"https:\/\/www.viropa.it\/it\/prodotto\/greentea-gunpowder-bio\/","title":{"rendered":"Greentea Gunpowder &#8220;Bio&#8221;"},"content":{"rendered":"<p>Gunpowder \u00e8 il t\u00e8 verde pi\u00f9 conosciuto dalla Cina e prevalentemente prodotto nella provincia Zhejiang. Nella lavorazione le foglie del t\u00e8 queste vengono sottoposte ad un trattamento tradizionale ed arrotolate strettamente da ricordare piccole palline di polvere da sparo. Da qui ne deriva la denominazione Gunpowder. Nell\u2019infusione le foglie arrotolate si dispiegano creando un infuso di t\u00e8 verde fragrante, corposo con un leggero retrogusto fumoso.<\/p>\n<p>Il nostro Tea Sommelier Paul Campestrini, formato presso la UK Tea Academy di Londra, \u00e8 responsabile della selezione delle materie prime di alta qualit\u00e0.<\/p>\n<p>Ingrediente da agricoltura biologica controllata: T\u00e8 verde Gunpowder.<\/p>\n<p><strong>Senza glutine, naturalmente privo di lattosio, adatta ad una dieta vegana.<\/strong><\/p>\n<p>Confezionato con molta cura in questa bustina unica nel proprio <a href=\"https:\/\/www.viropa.it\/it\/golden-bridge-azienda\/\">stabilimento<\/a> a Bressanone\/Alto Adige.<\/p>\n","protected":false},"excerpt":{"rendered":"<p><img fetchpriority=\"high\" decoding=\"async\" class=\"alignleft size-full wp-image-3049\" src=\"https:\/\/www.viropa.it\/wp-content\/uploads\/2021\/03\/icon-teamtime-golden3-5.png\" alt=\"\" width=\"1500\" height=\"380\" srcset=\"https:\/\/www.viropa.it\/wp-content\/uploads\/2021\/03\/icon-teamtime-golden3-5.png 1500w, https:\/\/www.viropa.it\/wp-content\/uploads\/2021\/03\/icon-teamtime-golden3-5-600x152.png 600w, https:\/\/www.viropa.it\/wp-content\/uploads\/2021\/03\/icon-teamtime-golden3-5-300x76.png 300w, https:\/\/www.viropa.it\/wp-content\/uploads\/2021\/03\/icon-teamtime-golden3-5-1024x259.png 1024w, https:\/\/www.viropa.it\/wp-content\/uploads\/2021\/03\/icon-teamtime-golden3-5-768x195.png 768w\" sizes=\"(max-width: 1500px) 100vw, 1500px\" \/><\/p>\n","protected":false},"featured_media":13794,"template":"","meta":[],"product_brand":[],"product_cat":[311],"product_tag":[282],"class_list":{"0":"post-9528","1":"product","2":"type-product","3":"status-publish","4":"has-post-thumbnail","6":"product_cat-ostb-it","7":"product_tag-golden-bridge-it","9":"first","10":"instock","11":"virtual","12":"purchasable","13":"product-type-simple"},"_links":{"self":[{"href":"https:\/\/www.viropa.it\/it\/wp-json\/wp\/v2\/product\/9528","targetHints":{"allow":["GET"]}}],"collection":[{"href":"https:\/\/www.viropa.it\/it\/wp-json\/wp\/v2\/product"}],"about":[{"href":"https:\/\/www.viropa.it\/it\/wp-json\/wp\/v2\/types\/product"}],"wp:featuredmedia":[{"embeddable":true,"href":"https:\/\/www.viropa.it\/it\/wp-json\/wp\/v2\/media\/13794"}],"wp:attachment":[{"href":"https:\/\/www.viropa.it\/it\/wp-json\/wp\/v2\/media?parent=9528"}],"wp:term":[{"taxonomy":"product_brand","embeddable":true,"href":"https:\/\/www.viropa.it\/it\/wp-json\/wp\/v2\/product_brand?post=9528"},{"taxonomy":"product_cat","embeddable":true,"href":"https:\/\/www.viropa.it\/it\/wp-json\/wp\/v2\/product_cat?post=9528"},{"taxonomy":"product_tag","embeddable":true,"href":"https:\/\/www.viropa.it\/it\/wp-json\/wp\/v2\/product_tag?post=9528"}],"curies":[{"name":"wp","href":"https:\/\/api.w.org\/{rel}","templated":true}]}}