{"id":9524,"date":"2021-03-24T13:57:49","date_gmt":"2021-03-24T12:57:49","guid":{"rendered":"http:\/\/viropa.minedesign.eu\/produkt\/zenzero-arancia-bio\/"},"modified":"2026-01-13T10:47:24","modified_gmt":"2026-01-13T09:47:24","slug":"zenzero-arancia-bio","status":"publish","type":"product","link":"https:\/\/www.viropa.it\/it\/prodotto\/zenzero-arancia-bio\/","title":{"rendered":"Zenzero &amp; Arancia &#8220;Bio&#8221;"},"content":{"rendered":"<p>Nella medicina tradizionale cinese e indiana (Ayurveda), lo zenzero \u00e8 utilizzato da secoli come rimedio per riscaldare il corpo dall&#8217;interno. Nel complesso, lo zenzero offre una potente combinazione di propriet\u00e0 che lo rendono un popolare rimedio casalingo per il raffreddore. Poich\u00e9 la sua piccantezza ha un effetto riscaldante, \u00e8 ideale per preparare un infuso dal sapore speziato e pungente, che in questa speciale miscela \u00e8 arricchito con olio puro d\u00b4arance per un gusto ed aroma leggermente fruttato.<br \/>\nTutti gli ingredienti da agricoltura biologica controllata: Zenzero 60%, scorze d\u00b4arance, olio di arance essenziale.<\/p>\n<p><strong>Senza glutine, naturalmente privo di lattosio e caffeina, adatta ad una dieta vegana.<\/strong><\/p>\n<p>Lavorato e confezionato con molta cura in questa bustina unica nel proprio <a href=\"https:\/\/www.viropa.it\/it\/golden-bridge-azienda\/\">stabilimento<\/a> a Bressanone\/Alto Adige.<\/p>\n","protected":false},"excerpt":{"rendered":"<p><img fetchpriority=\"high\" decoding=\"async\" class=\"alignleft size-full wp-image-3052\" src=\"https:\/\/www.viropa.it\/wp-content\/uploads\/2026\/01\/goldenbridge-8-10.png\" alt=\"\" width=\"1500\" height=\"380\" \/><\/p>\n","protected":false},"featured_media":13788,"template":"","meta":[],"product_brand":[],"product_cat":[311],"product_tag":[282],"class_list":{"0":"post-9524","1":"product","2":"type-product","3":"status-publish","4":"has-post-thumbnail","6":"product_cat-ostb-it","7":"product_tag-golden-bridge-it","9":"first","10":"instock","11":"virtual","12":"purchasable","13":"product-type-simple"},"_links":{"self":[{"href":"https:\/\/www.viropa.it\/it\/wp-json\/wp\/v2\/product\/9524","targetHints":{"allow":["GET"]}}],"collection":[{"href":"https:\/\/www.viropa.it\/it\/wp-json\/wp\/v2\/product"}],"about":[{"href":"https:\/\/www.viropa.it\/it\/wp-json\/wp\/v2\/types\/product"}],"wp:featuredmedia":[{"embeddable":true,"href":"https:\/\/www.viropa.it\/it\/wp-json\/wp\/v2\/media\/13788"}],"wp:attachment":[{"href":"https:\/\/www.viropa.it\/it\/wp-json\/wp\/v2\/media?parent=9524"}],"wp:term":[{"taxonomy":"product_brand","embeddable":true,"href":"https:\/\/www.viropa.it\/it\/wp-json\/wp\/v2\/product_brand?post=9524"},{"taxonomy":"product_cat","embeddable":true,"href":"https:\/\/www.viropa.it\/it\/wp-json\/wp\/v2\/product_cat?post=9524"},{"taxonomy":"product_tag","embeddable":true,"href":"https:\/\/www.viropa.it\/it\/wp-json\/wp\/v2\/product_tag?post=9524"}],"curies":[{"name":"wp","href":"https:\/\/api.w.org\/{rel}","templated":true}]}}