{"id":9397,"date":"2021-03-24T13:57:49","date_gmt":"2021-03-24T12:57:49","guid":{"rendered":"http:\/\/viropa.minedesign.eu\/produkt\/wellness-vitality-bio\/"},"modified":"2026-02-12T15:29:36","modified_gmt":"2026-02-12T14:29:36","slug":"wellness-vitality-bio","status":"publish","type":"product","link":"https:\/\/www.viropa.it\/it\/prodotto\/wellness-vitality-bio\/","title":{"rendered":"Wellness Vitality &#8220;Bio&#8221;"},"content":{"rendered":"<p>D\u00e0 vigore alla vita quotidiana. Con Mat\u00e8 ( Ilex paraguariensis), la bevanda nazionale del Sudamerica che contiene caffeina e dove, nella medicina tradizionale \u00e8 famosa per alleviare a breve termine la stanchezza fisica e mentale. A questo si aggiunge lo zenzero, una delle piante officinali pi\u00f9 antiche che nella medicina popolare \u00e8 famosa per la sua propriet\u00e0 rivitalizzante.<\/p>\n<p>Tutti gli ingredienti da agricoltura biologica controllata: Mate verde, erba citronella, radice di zenzero, liquirizia.<br \/>\n<strong>Senza glutine, naturalmente privo di lattosio, adatta ad una dieta vegana.<\/strong><\/p>\n<p>Confezionato con molta cura in questa bustina unica nel proprio stabilimento a Bressanone\/Alto Adige.<\/p>\n","protected":false},"excerpt":{"rendered":"<p><img fetchpriority=\"high\" decoding=\"async\" class=\"alignleft size-full wp-image-3052\" src=\"https:\/\/www.viropa.it\/wp-content\/uploads\/2021\/03\/icon-teamtime-golden6-8.png\" alt=\"\" width=\"1500\" height=\"380\" srcset=\"https:\/\/www.viropa.it\/wp-content\/uploads\/2021\/03\/icon-teamtime-golden6-8.png 1500w, https:\/\/www.viropa.it\/wp-content\/uploads\/2021\/03\/icon-teamtime-golden6-8-600x152.png 600w, https:\/\/www.viropa.it\/wp-content\/uploads\/2021\/03\/icon-teamtime-golden6-8-300x76.png 300w, https:\/\/www.viropa.it\/wp-content\/uploads\/2021\/03\/icon-teamtime-golden6-8-1024x259.png 1024w, https:\/\/www.viropa.it\/wp-content\/uploads\/2021\/03\/icon-teamtime-golden6-8-768x195.png 768w\" sizes=\"(max-width: 1500px) 100vw, 1500px\" \/><\/p>\n","protected":false},"featured_media":11881,"template":"","meta":[],"product_brand":[],"product_cat":[313],"product_tag":[282],"class_list":{"0":"post-9397","1":"product","2":"type-product","3":"status-publish","4":"has-post-thumbnail","6":"product_cat-ostbwellness-it","7":"product_tag-golden-bridge-it","9":"first","10":"instock","11":"virtual","12":"purchasable","13":"product-type-simple"},"_links":{"self":[{"href":"https:\/\/www.viropa.it\/it\/wp-json\/wp\/v2\/product\/9397","targetHints":{"allow":["GET"]}}],"collection":[{"href":"https:\/\/www.viropa.it\/it\/wp-json\/wp\/v2\/product"}],"about":[{"href":"https:\/\/www.viropa.it\/it\/wp-json\/wp\/v2\/types\/product"}],"wp:featuredmedia":[{"embeddable":true,"href":"https:\/\/www.viropa.it\/it\/wp-json\/wp\/v2\/media\/11881"}],"wp:attachment":[{"href":"https:\/\/www.viropa.it\/it\/wp-json\/wp\/v2\/media?parent=9397"}],"wp:term":[{"taxonomy":"product_brand","embeddable":true,"href":"https:\/\/www.viropa.it\/it\/wp-json\/wp\/v2\/product_brand?post=9397"},{"taxonomy":"product_cat","embeddable":true,"href":"https:\/\/www.viropa.it\/it\/wp-json\/wp\/v2\/product_cat?post=9397"},{"taxonomy":"product_tag","embeddable":true,"href":"https:\/\/www.viropa.it\/it\/wp-json\/wp\/v2\/product_tag?post=9397"}],"curies":[{"name":"wp","href":"https:\/\/api.w.org\/{rel}","templated":true}]}}