{"id":9197,"date":"2021-03-24T12:24:35","date_gmt":"2021-03-24T11:24:35","guid":{"rendered":"http:\/\/viropa.minedesign.eu\/produkt\/finest-ceylon\/"},"modified":"2026-01-23T11:06:44","modified_gmt":"2026-01-23T10:06:44","slug":"finest-ceylon","status":"publish","type":"product","link":"https:\/\/www.viropa.it\/it\/prodotto\/finest-ceylon\/","title":{"rendered":"Finest Ceylon"},"content":{"rendered":"<p>T\u00e8 Finest Ceylon \u00e8 una accurata composizione di t\u00e8 Ceylon proveniente dalle migliori piantagioni dagli altipiani del Sri Lanka &#8211; dai distretti di Kandy e Nuvara Eliya, famosi per la produzione dei migliori t\u00e8.<\/p>\n<p>Ingrediente: T\u00e8 Ceylon<\/p>\n<p><strong>Senza glutine, naturalmente privo di lattosio, adatta ad una dieta vegana.<\/strong><\/p>\n","protected":false},"excerpt":{"rendered":"<p><img fetchpriority=\"high\" decoding=\"async\" class=\"alignleft size-full wp-image-8255\" src=\"https:\/\/www.viropa.it\/wp-content\/uploads\/2021\/04\/icons-zeiten-golden-classic-4-5.png\" alt=\"wie lange soll tee im wasser\" width=\"1000\" height=\"253\" srcset=\"https:\/\/www.viropa.it\/wp-content\/uploads\/2021\/04\/icons-zeiten-golden-classic-4-5.png 1000w, https:\/\/www.viropa.it\/wp-content\/uploads\/2021\/04\/icons-zeiten-golden-classic-4-5-600x152.png 600w, https:\/\/www.viropa.it\/wp-content\/uploads\/2021\/04\/icons-zeiten-golden-classic-4-5-300x76.png 300w, https:\/\/www.viropa.it\/wp-content\/uploads\/2021\/04\/icons-zeiten-golden-classic-4-5-768x194.png 768w\" sizes=\"(max-width: 1000px) 100vw, 1000px\" \/><\/p>\n","protected":false},"featured_media":13335,"template":"","meta":[],"product_brand":[],"product_cat":[291],"product_tag":[282],"class_list":{"0":"post-9197","1":"product","2":"type-product","3":"status-publish","4":"has-post-thumbnail","6":"product_cat-classic-it","7":"product_tag-golden-bridge-it","9":"first","10":"instock","11":"virtual","12":"purchasable","13":"product-type-simple"},"_links":{"self":[{"href":"https:\/\/www.viropa.it\/it\/wp-json\/wp\/v2\/product\/9197","targetHints":{"allow":["GET"]}}],"collection":[{"href":"https:\/\/www.viropa.it\/it\/wp-json\/wp\/v2\/product"}],"about":[{"href":"https:\/\/www.viropa.it\/it\/wp-json\/wp\/v2\/types\/product"}],"wp:featuredmedia":[{"embeddable":true,"href":"https:\/\/www.viropa.it\/it\/wp-json\/wp\/v2\/media\/13335"}],"wp:attachment":[{"href":"https:\/\/www.viropa.it\/it\/wp-json\/wp\/v2\/media?parent=9197"}],"wp:term":[{"taxonomy":"product_brand","embeddable":true,"href":"https:\/\/www.viropa.it\/it\/wp-json\/wp\/v2\/product_brand?post=9197"},{"taxonomy":"product_cat","embeddable":true,"href":"https:\/\/www.viropa.it\/it\/wp-json\/wp\/v2\/product_cat?post=9197"},{"taxonomy":"product_tag","embeddable":true,"href":"https:\/\/www.viropa.it\/it\/wp-json\/wp\/v2\/product_tag?post=9197"}],"curies":[{"name":"wp","href":"https:\/\/api.w.org\/{rel}","templated":true}]}}