{"id":10344,"date":"2021-03-23T16:54:29","date_gmt":"2021-03-23T15:54:29","guid":{"rendered":"http:\/\/viropa.minedesign.eu\/produkt\/viropa-melissa-bio\/"},"modified":"2025-08-21T14:49:47","modified_gmt":"2025-08-21T12:49:47","slug":"viropa-melissa-bio","status":"publish","type":"product","link":"https:\/\/www.viropa.it\/it\/prodotto\/viropa-melissa-bio\/","title":{"rendered":"Viropa Melissa \u201eBio\u201c"},"content":{"rendered":"<p>La melissa \u00e8 conosciuta sotto vari nomi come appiastro, cedronella o erba limoncina. Questa pianta esalta le sue qualit\u00e0 nella preparazione di un ottima bevanda dal gusto delicato e fresco. Per le sue propriet\u00e0 se ne fa uso gi\u00e0 dall&#8217;antichit\u00e0. VIROPA\u00ae Melissa Bio &#8211; da agricoltura biologica controllata.<\/p>\n<p>&nbsp;<\/p>\n<p><strong>Senza glutine, naturalmente privo di lattosio e caffeina, adatta ad una dieta vegana.<\/strong><\/p>\n","protected":false},"excerpt":{"rendered":"<p><img fetchpriority=\"high\" decoding=\"async\" class=\"alignleft size-full wp-image-3043\" src=\"https:\/\/www.viropa.it\/wp-content\/uploads\/2021\/03\/icon-teatime-viropa6-8.png\" alt=\"\" width=\"1500\" height=\"380\" \/><\/p>\n","protected":false},"featured_media":10345,"template":"","meta":[],"product_brand":[],"product_cat":[301],"product_tag":[283],"class_list":{"0":"post-10344","1":"product","2":"type-product","3":"status-publish","4":"has-post-thumbnail","6":"product_cat-tisane","7":"product_tag-viropa-it","9":"first","10":"instock","11":"virtual","12":"product-type-simple"},"_links":{"self":[{"href":"https:\/\/www.viropa.it\/it\/wp-json\/wp\/v2\/product\/10344","targetHints":{"allow":["GET"]}}],"collection":[{"href":"https:\/\/www.viropa.it\/it\/wp-json\/wp\/v2\/product"}],"about":[{"href":"https:\/\/www.viropa.it\/it\/wp-json\/wp\/v2\/types\/product"}],"wp:featuredmedia":[{"embeddable":true,"href":"https:\/\/www.viropa.it\/it\/wp-json\/wp\/v2\/media\/10345"}],"wp:attachment":[{"href":"https:\/\/www.viropa.it\/it\/wp-json\/wp\/v2\/media?parent=10344"}],"wp:term":[{"taxonomy":"product_brand","embeddable":true,"href":"https:\/\/www.viropa.it\/it\/wp-json\/wp\/v2\/product_brand?post=10344"},{"taxonomy":"product_cat","embeddable":true,"href":"https:\/\/www.viropa.it\/it\/wp-json\/wp\/v2\/product_cat?post=10344"},{"taxonomy":"product_tag","embeddable":true,"href":"https:\/\/www.viropa.it\/it\/wp-json\/wp\/v2\/product_tag?post=10344"}],"curies":[{"name":"wp","href":"https:\/\/api.w.org\/{rel}","templated":true}]}}