{"id":10191,"date":"2021-03-23T16:54:30","date_gmt":"2021-03-23T15:54:30","guid":{"rendered":"http:\/\/viropa.minedesign.eu\/produkt\/viropa-camomilla-bio\/"},"modified":"2025-08-21T14:49:43","modified_gmt":"2025-08-21T12:49:43","slug":"viropa-camomilla-bio","status":"publish","type":"product","link":"https:\/\/www.viropa.it\/it\/prodotto\/viropa-camomilla-bio\/","title":{"rendered":"Viropa Camomilla &#8220;Bio&#8221;"},"content":{"rendered":"<p>La popolarit\u00e0 dell&#8217;infuso di camomilla \u00e8 data dalla molteplice possibilit\u00e0 d&#8217;impiego di questa pianta. Gi\u00e0 nell&#8217;antichit\u00e0 Greci, Romani, ed Arabi stimavano questa pianta per le sue diverse propriet\u00e0 e per la preparazione di un infuso piacevole, gradito da grandi e piccoli. VIROPA Camomilla Bio &#8211; da agricoltura biologica controllata.<\/p>\n<p>&nbsp;<\/p>\n<p><strong>Senza glutine, naturalmente privo di lattosio e caffeina, adatta ad una dieta vegana.<\/strong><\/p>\n","protected":false},"excerpt":{"rendered":"<p><img fetchpriority=\"high\" decoding=\"async\" class=\"alignleft size-full wp-image-3043\" src=\"https:\/\/www.viropa.it\/wp-content\/uploads\/2021\/03\/icon-teatime-viropa6-8.png\" alt=\"\" width=\"1500\" height=\"380\" \/><\/p>\n","protected":false},"featured_media":10192,"template":"","meta":[],"product_brand":[],"product_cat":[301],"product_tag":[283],"class_list":{"0":"post-10191","1":"product","2":"type-product","3":"status-publish","4":"has-post-thumbnail","6":"product_cat-tisane","7":"product_tag-viropa-it","9":"first","10":"instock","11":"virtual","12":"product-type-simple"},"_links":{"self":[{"href":"https:\/\/www.viropa.it\/it\/wp-json\/wp\/v2\/product\/10191","targetHints":{"allow":["GET"]}}],"collection":[{"href":"https:\/\/www.viropa.it\/it\/wp-json\/wp\/v2\/product"}],"about":[{"href":"https:\/\/www.viropa.it\/it\/wp-json\/wp\/v2\/types\/product"}],"wp:featuredmedia":[{"embeddable":true,"href":"https:\/\/www.viropa.it\/it\/wp-json\/wp\/v2\/media\/10192"}],"wp:attachment":[{"href":"https:\/\/www.viropa.it\/it\/wp-json\/wp\/v2\/media?parent=10191"}],"wp:term":[{"taxonomy":"product_brand","embeddable":true,"href":"https:\/\/www.viropa.it\/it\/wp-json\/wp\/v2\/product_brand?post=10191"},{"taxonomy":"product_cat","embeddable":true,"href":"https:\/\/www.viropa.it\/it\/wp-json\/wp\/v2\/product_cat?post=10191"},{"taxonomy":"product_tag","embeddable":true,"href":"https:\/\/www.viropa.it\/it\/wp-json\/wp\/v2\/product_tag?post=10191"}],"curies":[{"name":"wp","href":"https:\/\/api.w.org\/{rel}","templated":true}]}}