{"id":10176,"date":"2021-03-23T16:54:31","date_gmt":"2021-03-23T15:54:31","guid":{"rendered":"http:\/\/viropa.minedesign.eu\/produkt\/viropa-karkade-bio\/"},"modified":"2025-08-21T14:49:10","modified_gmt":"2025-08-21T12:49:10","slug":"viropa-karkade-bio","status":"publish","type":"product","link":"https:\/\/www.viropa.it\/it\/prodotto\/viropa-karkade-bio\/","title":{"rendered":"Viropa Karkad\u00e8 \u201eBio\u201c"},"content":{"rendered":"<p>Il karkad\u00e8 viene coltivato prevalentemente nei paesi del Sudan, Egitto, Thailandia, Mexico ed in Cina. Per VIROPA Karkad\u00e8 da agricoltura biologica controllata vengono scelti i fiori di ibisco pi\u00f9 pregiati per ottenere un infuso di color rosso rubino con il gusto tipico del karkad\u00e8, piacevolmente acidulo. Bevuto caldo l&#8217; infuso \u00e8 gradevole e tonificante &#8211; bevuto freddo, con l&#8217;aggiunta di una fettina di limone e con del ghiaccio, \u00e8 un&#8217;ottima bevanda dissetante.<\/p>\n<p>&nbsp;<\/p>\n<p><strong>Senza glutine, naturalmente privo di lattosio e caffeina, adatta ad una dieta vegana.<\/strong><\/p>\n","protected":false},"excerpt":{"rendered":"<p><img fetchpriority=\"high\" decoding=\"async\" class=\"alignleft size-full wp-image-3043\" src=\"https:\/\/www.viropa.it\/wp-content\/uploads\/2021\/03\/icon-teatime-viropa6-8.png\" alt=\"\" width=\"1500\" height=\"380\" \/><\/p>\n","protected":false},"featured_media":10177,"template":"","meta":[],"product_brand":[],"product_cat":[301],"product_tag":[283],"class_list":{"0":"post-10176","1":"product","2":"type-product","3":"status-publish","4":"has-post-thumbnail","6":"product_cat-tisane","7":"product_tag-viropa-it","9":"first","10":"instock","11":"virtual","12":"product-type-simple"},"_links":{"self":[{"href":"https:\/\/www.viropa.it\/it\/wp-json\/wp\/v2\/product\/10176","targetHints":{"allow":["GET"]}}],"collection":[{"href":"https:\/\/www.viropa.it\/it\/wp-json\/wp\/v2\/product"}],"about":[{"href":"https:\/\/www.viropa.it\/it\/wp-json\/wp\/v2\/types\/product"}],"wp:featuredmedia":[{"embeddable":true,"href":"https:\/\/www.viropa.it\/it\/wp-json\/wp\/v2\/media\/10177"}],"wp:attachment":[{"href":"https:\/\/www.viropa.it\/it\/wp-json\/wp\/v2\/media?parent=10176"}],"wp:term":[{"taxonomy":"product_brand","embeddable":true,"href":"https:\/\/www.viropa.it\/it\/wp-json\/wp\/v2\/product_brand?post=10176"},{"taxonomy":"product_cat","embeddable":true,"href":"https:\/\/www.viropa.it\/it\/wp-json\/wp\/v2\/product_cat?post=10176"},{"taxonomy":"product_tag","embeddable":true,"href":"https:\/\/www.viropa.it\/it\/wp-json\/wp\/v2\/product_tag?post=10176"}],"curies":[{"name":"wp","href":"https:\/\/api.w.org\/{rel}","templated":true}]}}