{"id":10113,"date":"2021-03-23T16:54:33","date_gmt":"2021-03-23T15:54:33","guid":{"rendered":"http:\/\/viropa.minedesign.eu\/produkt\/viropa-wintergefuehl-bio\/"},"modified":"2025-08-21T14:53:54","modified_gmt":"2025-08-21T12:53:54","slug":"viropa-wintergefuehl-bio","status":"publish","type":"product","link":"https:\/\/www.viropa.it\/it\/prodotto\/viropa-wintergefuehl-bio\/","title":{"rendered":"Viropa Wintergef\u00fchl &#8220;Bio&#8221;"},"content":{"rendered":"<p>VIROPA Wintergef\u00fchl Bio \u00e8 una composizione particolare arricchita con cannella, zenzero e chiodi di garofano. Un&#8217; ottima bevanda per tutta la famiglia da gustare specialmente nelle giornate piovose e fredde.<\/p>\n<p>&nbsp;<\/p>\n<p><strong>Senza glutine, naturalmente privo di lattosio e caffeina, adatta ad una dieta vegana.<\/strong><\/p>\n","protected":false},"excerpt":{"rendered":"<p><img fetchpriority=\"high\" decoding=\"async\" class=\"alignleft size-full wp-image-3043\" src=\"https:\/\/www.viropa.it\/wp-content\/uploads\/2021\/03\/icon-teatime-viropa6-8.png\" alt=\"\" width=\"1500\" height=\"380\" \/><\/p>\n","protected":false},"featured_media":10114,"template":"","meta":[],"product_brand":[],"product_cat":[290],"product_tag":[283],"class_list":{"0":"post-10113","1":"product","2":"type-product","3":"status-publish","4":"has-post-thumbnail","6":"product_cat-infusi-alla-frutta","7":"product_tag-viropa-it","9":"first","10":"instock","11":"virtual","12":"product-type-simple"},"_links":{"self":[{"href":"https:\/\/www.viropa.it\/it\/wp-json\/wp\/v2\/product\/10113","targetHints":{"allow":["GET"]}}],"collection":[{"href":"https:\/\/www.viropa.it\/it\/wp-json\/wp\/v2\/product"}],"about":[{"href":"https:\/\/www.viropa.it\/it\/wp-json\/wp\/v2\/types\/product"}],"wp:featuredmedia":[{"embeddable":true,"href":"https:\/\/www.viropa.it\/it\/wp-json\/wp\/v2\/media\/10114"}],"wp:attachment":[{"href":"https:\/\/www.viropa.it\/it\/wp-json\/wp\/v2\/media?parent=10113"}],"wp:term":[{"taxonomy":"product_brand","embeddable":true,"href":"https:\/\/www.viropa.it\/it\/wp-json\/wp\/v2\/product_brand?post=10113"},{"taxonomy":"product_cat","embeddable":true,"href":"https:\/\/www.viropa.it\/it\/wp-json\/wp\/v2\/product_cat?post=10113"},{"taxonomy":"product_tag","embeddable":true,"href":"https:\/\/www.viropa.it\/it\/wp-json\/wp\/v2\/product_tag?post=10113"}],"curies":[{"name":"wp","href":"https:\/\/api.w.org\/{rel}","templated":true}]}}