{"id":9399,"date":"2021-03-30T10:08:41","date_gmt":"2021-03-30T08:08:41","guid":{"rendered":"http:\/\/viropa.minedesign.eu\/impressum\/"},"modified":"2025-12-03T17:14:48","modified_gmt":"2025-12-03T16:14:48","slug":"note-legali","status":"publish","type":"page","link":"https:\/\/www.viropa.it\/it\/note-legali\/","title":{"rendered":"Note legali"},"content":{"rendered":"\t\t<div data-elementor-type=\"wp-page\" data-elementor-id=\"9399\" class=\"elementor elementor-9399 elementor-5123\" data-elementor-post-type=\"page\">\n\t\t\t\t\t\t<section class=\"elementor-section elementor-top-section elementor-element elementor-element-6d205bce elementor-section-boxed elementor-section-height-default elementor-section-height-default\" data-id=\"6d205bce\" data-element_type=\"section\" data-e-type=\"section\">\n\t\t\t\t\t\t<div class=\"elementor-container elementor-column-gap-default\">\n\t\t\t\t\t<div class=\"elementor-column elementor-col-100 elementor-top-column elementor-element elementor-element-2f68bad5\" data-id=\"2f68bad5\" data-element_type=\"column\" data-e-type=\"column\">\n\t\t\t<div class=\"elementor-widget-wrap elementor-element-populated\">\n\t\t\t\t\t\t<div class=\"elementor-element elementor-element-334e849f elementor-invisible elementor-widget elementor-widget-heading\" data-id=\"334e849f\" data-element_type=\"widget\" data-e-type=\"widget\" data-settings=\"{&quot;_animation&quot;:&quot;slideInUp&quot;}\" data-widget_type=\"heading.default\">\n\t\t\t\t<div class=\"elementor-widget-container\">\n\t\t\t\t\t<h3 class=\"elementor-heading-title elementor-size-default\">Note legali<\/h3>\t\t\t\t<\/div>\n\t\t\t\t<\/div>\n\t\t\t\t<div class=\"elementor-element elementor-element-73da1d6f elementor-widget elementor-widget-spacer\" data-id=\"73da1d6f\" data-element_type=\"widget\" data-e-type=\"widget\" data-widget_type=\"spacer.default\">\n\t\t\t\t<div class=\"elementor-widget-container\">\n\t\t\t\t\t\t\t<div class=\"elementor-spacer\">\n\t\t\t<div class=\"elementor-spacer-inner\"><\/div>\n\t\t<\/div>\n\t\t\t\t\t\t<\/div>\n\t\t\t\t<\/div>\n\t\t\t\t<div class=\"elementor-element elementor-element-6f5e7f2f elementor-invisible elementor-widget elementor-widget-text-editor\" data-id=\"6f5e7f2f\" data-element_type=\"widget\" data-e-type=\"widget\" data-settings=\"{&quot;_animation&quot;:&quot;slideInUp&quot;}\" data-widget_type=\"text-editor.default\">\n\t\t\t\t<div class=\"elementor-widget-container\">\n\t\t\t\t\t\t\t\t\t<h4>Rappresentato e responsabile del contenuto:<\/h4>\n<p>Viropa Import Srl<br>Via A.-Ammon 27<br>I-39042 Bressanone (BZ) Alto Adige<br>Tel. +39 0472 836 527<br>info@viropa.it<br>www.viropa.it<br>Part. IVA: IT00448570218<\/p>\n<h4>&nbsp;<\/h4>\n<h4>Riferimento immagini e foto<\/h4>\n<p>Viropa Import GmbH, Focus Fotodesign, Shutterstock, Pexels, Pixabay.<\/p>\n<h4>&nbsp;<\/h4>\n<h4>Riferimento testi<\/h4>\n<p>Viropa Import GmbH.<\/p>\n<h4>&nbsp;<\/h4>\n<h4>Concetto, design e realizzazione<\/h4>\n<p>Minedesign Srl<br>via Fraghes 6 &#8211; 39043 Chiusa<br>Tel.: +39 0472 847 216<br><a href=\"mailto:info@minedesign.it\">info@minedesign.it<\/a><br><a href=\"https:\/\/minedesign.it\" target=\"_blank\" rel=\"noopener\">www.minedesign.it<\/a><\/p>\n<h4>&nbsp;<\/h4>\n<h3>&nbsp;<\/h3>\n<h3>Dichiariazione liberatoria<\/h3>\n<h4>Responsabilit\u00e0 per contenuti<\/h4>\n<p>I contenuti delle nostre pagine sono stati creati con la massima cura. Tuttavia, non ci assumiamo alcuna responsabilit\u00e0 per la correttezza, la completezza e l&#8217;attualit\u00e0 dei contenuti. In qualit\u00e0 di fornitore di servizi, siamo responsabili dei contenuti di queste pagine in conformit\u00e0 con le leggi generali. Tuttavia, in qualit\u00e0 di fornitore di servizi, non siamo obbligati a controllare le informazioni trasmesse o memorizzate da terzi o a indagare su circostanze che indicano un&#8217;attivit\u00e0 illegale. L&#8217;obbligo di rimuovere o bloccare l&#8217;uso delle informazioni in conformit\u00e0 alle leggi generali rimane inalterato. Tuttavia, la responsabilit\u00e0 a tale riguardo \u00e8 possibile solo a partire dal momento in cui si viene a conoscenza di una violazione concreta della legge. Non appena veniamo a conoscenza di tali violazioni, provvederemo a rimuovere immediatamente questi contenuti.<\/p>\n<p><\/p>\n<h4>Responsabilit\u00e0 per i link<\/h4>\n<p>La nostra offerta contiene link a siti web esterni di terzi, sui cui contenuti non abbiamo alcuna influenza. Pertanto, non possiamo assumerci alcuna responsabilit\u00e0 per questi contenuti esterni. Il rispettivo fornitore o gestore delle pagine \u00e8 sempre responsabile dei contenuti delle pagine collegate. Le pagine collegate sono state controllate per verificare l&#8217;assenza di possibili infrazioni legali al momento del collegamento. I contenuti illegali non erano riconoscibili al momento del collegamento. Tuttavia, un controllo permanente dei contenuti delle pagine collegate non \u00e8 ragionevole senza prove concrete di una violazione della legge. Noi rimuoveremo tali link immediatamente dopo essere venuti a conoscenza di eventuali violazioni della legge.<\/p>\n<h4>&nbsp;<\/h4>\n<h4>Copyright<\/h4>\n<p>I contenuti e le opere presenti su queste pagine create dal proprietario del sito web e da terzi con accesso amministratore sono soggetti a copyright. La duplicazione, l&#8217;elaborazione, la distribuzione e qualsiasi forma di commercializzazione di tale materiale al di fuori dell&#8217;ambito della legge sul diritto d&#8217;autore richiede il previo consenso scritto del rispettivo autore o creatore. Il download e le copie di queste pagine sono consentiti solo per uso privato e non commerciale. Nella misura in cui il contenuto di questo sito non \u00e8 stato creato dal gestore, i diritti d&#8217;autore di terzi sono rispettati. In particolare, i contenuti di terzi sono contrassegnati come tali. Qualora venisse comunque a conoscenza di una violazione del diritto d&#8217;autore, la preghiamo di informarci di conseguenza. Non appena ci rendiamo conto di eventuali violazioni della legge, elimineremo immediatamente tali contenuti.<\/p>\t\t\t\t\t\t\t\t<\/div>\n\t\t\t\t<\/div>\n\t\t\t\t\t<\/div>\n\t\t<\/div>\n\t\t\t\t\t<\/div>\n\t\t<\/section>\n\t\t\t\t<\/div>\n\t\t","protected":false},"excerpt":{"rendered":"<p>Note legali Rappresentato e responsabile del contenuto: Viropa Import SrlVia A.-Ammon 27I-39042 Bressanone (BZ) Alto AdigeTel. +39 0472 836 527info@viropa.itwww.viropa.itPart. IVA: IT00448570218 &nbsp; Riferimento immagini e foto Viropa Import GmbH, Focus Fotodesign, Shutterstock, Pexels, Pixabay. &nbsp; Riferimento testi Viropa Import GmbH. &nbsp; Concetto, design e realizzazione Minedesign Srlvia Fraghes 6 &#8211; 39043 ChiusaTel.: +39 0472 [&hellip;]<\/p>\n","protected":false},"author":1,"featured_media":0,"parent":0,"menu_order":0,"comment_status":"closed","ping_status":"closed","template":"elementor_header_footer","meta":{"footnotes":""},"class_list":["post-9399","page","type-page","status-publish","hentry"],"_links":{"self":[{"href":"https:\/\/www.viropa.it\/it\/wp-json\/wp\/v2\/pages\/9399","targetHints":{"allow":["GET"]}}],"collection":[{"href":"https:\/\/www.viropa.it\/it\/wp-json\/wp\/v2\/pages"}],"about":[{"href":"https:\/\/www.viropa.it\/it\/wp-json\/wp\/v2\/types\/page"}],"author":[{"embeddable":true,"href":"https:\/\/www.viropa.it\/it\/wp-json\/wp\/v2\/users\/1"}],"replies":[{"embeddable":true,"href":"https:\/\/www.viropa.it\/it\/wp-json\/wp\/v2\/comments?post=9399"}],"version-history":[{"count":3,"href":"https:\/\/www.viropa.it\/it\/wp-json\/wp\/v2\/pages\/9399\/revisions"}],"predecessor-version":[{"id":13703,"href":"https:\/\/www.viropa.it\/it\/wp-json\/wp\/v2\/pages\/9399\/revisions\/13703"}],"wp:attachment":[{"href":"https:\/\/www.viropa.it\/it\/wp-json\/wp\/v2\/media?parent=9399"}],"curies":[{"name":"wp","href":"https:\/\/api.w.org\/{rel}","templated":true}]}}